{"id":1097,"date":"2023-07-03T14:55:36","date_gmt":"2023-07-03T12:55:36","guid":{"rendered":"https:\/\/www.districolor.fr\/blog\/?page_id=1097"},"modified":"2026-01-07T09:56:34","modified_gmt":"2026-01-07T08:56:34","slug":"mentions-legales-et-cgu","status":"publish","type":"page","link":"https:\/\/www.districolor.fr\/blog\/mentions-legales-et-cgu\/","title":{"rendered":"Mentions l\u00e9gales et CGU"},"content":{"rendered":"\t\t<div data-elementor-type=\"wp-page\" data-elementor-id=\"1097\" class=\"elementor elementor-1097\" data-elementor-post-type=\"page\">\n\t\t\t\t\t\t\t\t\t<section class=\"elementor-section elementor-top-section elementor-element elementor-element-810e595 elementor-section-boxed elementor-section-height-default elementor-section-height-default\" data-id=\"810e595\" data-element_type=\"section\">\n\t\t\t\t\t\t<div class=\"elementor-container elementor-column-gap-default\">\n\t\t\t\t\t<div class=\"elementor-column elementor-col-100 elementor-top-column elementor-element elementor-element-c6a5c95\" data-id=\"c6a5c95\" data-element_type=\"column\">\n\t\t\t<div class=\"elementor-widget-wrap elementor-element-populated\">\n\t\t\t\t\t\t\t\t<div class=\"elementor-element elementor-element-2da23b4 elementor-widget elementor-widget-heading\" data-id=\"2da23b4\" data-element_type=\"widget\" data-widget_type=\"heading.default\">\n\t\t\t\t<div class=\"elementor-widget-container\">\n\t\t\t<style>\/*! elementor - v3.14.0 - 26-06-2023 *\/\n.elementor-heading-title{padding:0;margin:0;line-height:1}.elementor-widget-heading .elementor-heading-title[class*=elementor-size-]>a{color:inherit;font-size:inherit;line-height:inherit}.elementor-widget-heading .elementor-heading-title.elementor-size-small{font-size:15px}.elementor-widget-heading .elementor-heading-title.elementor-size-medium{font-size:19px}.elementor-widget-heading .elementor-heading-title.elementor-size-large{font-size:29px}.elementor-widget-heading .elementor-heading-title.elementor-size-xl{font-size:39px}.elementor-widget-heading .elementor-heading-title.elementor-size-xxl{font-size:59px}<\/style><h1 class=\"elementor-heading-title elementor-size-default\">MENTIONS LEGALES \u2013 CONDITIONS GENERALES D\u2019UTILISATION <\/h1>\t\t<\/div>\n\t\t\t\t<\/div>\n\t\t\t\t\t<\/div>\n\t\t<\/div>\n\t\t\t\t\t\t\t<\/div>\n\t\t<\/section>\n\t\t\t\t<section class=\"elementor-section elementor-top-section elementor-element elementor-element-a80c21b elementor-section-boxed elementor-section-height-default elementor-section-height-default\" data-id=\"a80c21b\" data-element_type=\"section\">\n\t\t\t\t\t\t<div class=\"elementor-container elementor-column-gap-default\">\n\t\t\t\t\t<div class=\"elementor-column elementor-col-100 elementor-top-column elementor-element elementor-element-fd30571\" data-id=\"fd30571\" data-element_type=\"column\">\n\t\t\t<div class=\"elementor-widget-wrap elementor-element-populated\">\n\t\t\t\t\t\t\t\t<div class=\"elementor-element elementor-element-1e6a99a elementor-widget elementor-widget-text-editor\" data-id=\"1e6a99a\" data-element_type=\"widget\" data-widget_type=\"text-editor.default\">\n\t\t\t\t<div class=\"elementor-widget-container\">\n\t\t\t<style>\/*! elementor - v3.14.0 - 26-06-2023 *\/\n.elementor-widget-text-editor.elementor-drop-cap-view-stacked .elementor-drop-cap{background-color:#69727d;color:#fff}.elementor-widget-text-editor.elementor-drop-cap-view-framed .elementor-drop-cap{color:#69727d;border:3px solid;background-color:transparent}.elementor-widget-text-editor:not(.elementor-drop-cap-view-default) .elementor-drop-cap{margin-top:8px}.elementor-widget-text-editor:not(.elementor-drop-cap-view-default) .elementor-drop-cap-letter{width:1em;height:1em}.elementor-widget-text-editor .elementor-drop-cap{float:left;text-align:center;line-height:1;font-size:50px}.elementor-widget-text-editor .elementor-drop-cap-letter{display:inline-block}<\/style>\t\t\t\t<h2>MENTIONS LEGALES<\/h2>\n<p>Le site www.districolor.fr&nbsp; (ci-apr\u00e8s le \u00ab Site \u00bb) est \u00e9dit\u00e9 par la soci\u00e9t\u00e9 Cromology Distribution (ci-apr\u00e8s \u00ab la Soci\u00e9t\u00e9 \u00bb), SASU dont le si\u00e8ge social est sis 12, cours Michelet, Carr\u00e9 Michelet, immatricul\u00e9e au RCS de Nanterre sous le num\u00e9ro 306 289 307 (n\u00b0 TVA: FR; T\u00e9l: ; email : service-client@cromology.com.<\/p><p>Le Directeur de la publication est : Jean-Damien PONTE.<\/p><p>Le num\u00e9ro d\u2019Identifiant Unique au titre de la Responsabilit\u00e9 Elargie du Producteur (REP) applicable aux d\u00e9chets diffus sp\u00e9cifiques (DDS) est : FR217871_07GLGX, aux ABJ Outillages du peintre : FR217871_14FXPM, au Papier : FR217871_03HFGO et aux PMCB :FR303747_04QBRS)<\/p><p>Le Site est h\u00e9berg\u00e9 par la soci\u00e9t\u00e9 HASTONE, SARL, dont le si\u00e8ge social est situ\u00e9 ZAC de la Pointe, 6, rue de Peupliers, 72190 SARGE-LES-LE-MANS, immatricul\u00e9e au RCS du MANS sous le num\u00e9ro 487886137.<\/p><p><span style=\"font-size: 1em;\">En utilisant le Site et les informations qui y sont contenues, les internautes reconnaissent avoir pris connaissance des pr\u00e9sentes mentions l\u00e9gales et conditions g\u00e9n\u00e9rales d\u2019utilisation et les accepter express\u00e9ment.<\/span><\/p>\n<p>Les pr\u00e9sentes conditions g\u00e9n\u00e9rales d\u2019utilisation pourront \u00eatre modifi\u00e9es \u00e0 tout moment par la Soci\u00e9t\u00e9 ; d\u00e8s qu&rsquo;elles seront mises en ligne, ces modifications seront r\u00e9put\u00e9es \u00eatre accept\u00e9es par les internautes.<\/p>\n<h2>CONDITIONS GENERALES D\u2019UTILISATION DU SITE<\/h2>\n<p>1) CONTENU DU SITE<\/p>\n<p><span style=\"font-size: 1em; color: var( --e-global-color-text ); font-family: var( --e-global-typography-text-font-family ), Sans-serif; font-weight: var( --e-global-typography-text-font-weight );\">&nbsp;&nbsp;<\/span><\/p>\n<p><span style=\"font-size: 1em; color: var( --e-global-color-text ); font-family: var( --e-global-typography-text-font-family ), Sans-serif; font-weight: var( --e-global-typography-text-font-weight );\">Le Site est un site internet proposant \u00e0 la vente, \u00e0 des clients consommateurs, des peintures, rev\u00eatements muraux et produits de d\u00e9coration annexes commercialis\u00e9s par la Soci\u00e9t\u00e9 (ci-apr\u00e8s les \u00ab Produits \u00bb) et de prestations de services en ligne (ci-apr\u00e8s les \u00ab Services \u00bb).<\/span><\/p>\n<p>L\u2019achat de ces Produits et Services n\u00e9cessite la cr\u00e9ation d\u2019un compte, accessible \u00e0 tout internaute r\u00e9pondant aux conditions pr\u00e9vues \u00e0 cet effet.<\/p>\n<p>Les conditions g\u00e9n\u00e9rales de vente applicables aux commandes des internautes sont accessibles sur le Site \u00e0 la rubrique \u00ab CGV e-commerce \u00bb.<\/p>\n<p>La cr\u00e9ation de lien vers le Site (r\u00e9f\u00e9rencement hypertexte\u2026) est autoris\u00e9e sous r\u00e9serve :<\/p>\n<p>\u2022 de ne pas utiliser la technique du \u00ab lien profond \u00bb (\u00ab deep linking \u00bb), c\u2019est-\u00e0-dire que les pages du Site ne doivent pas appara\u00eetre en surimpression ou int\u00e9grer aux pages d\u2019un autre site. Le lien vers le Site doit amener \u00e0 l\u2019ouverture d\u2019une nouvelle fen\u00eatre qui lui sera d\u00e9di\u00e9e ind\u00e9pendamment,<\/p>\n<p>Le lien vers le Site doit amener \u00e0 l\u2019ouverture d\u2019une nouvelle fen\u00eatre qui lui sera d\u00e9di\u00e9e ind\u00e9pendamment.<\/p>\n<p>Le lien ne doit pas conduire \u00e0 l\u2019apparition du Site ou \u00e0 son r\u00e9f\u00e9rencement sur des sites \u00e0 caract\u00e8re pol\u00e9mique, pornographique, x\u00e9nophobe, portant atteinte \u00e0 la vie priv\u00e9e ou \u00e0 la r\u00e9putation des personnes ou pouvant porter atteinte dans un sens large \u00e0 l\u2019image de l\u2019\u00e9diteur, de ses ayants-droits, de la Soci\u00e9t\u00e9 ou du Groupe Cromology auquel elle appartient.<\/p>\n<p><span style=\"font-size: 1em; color: var( --e-global-color-text ); font-family: var( --e-global-typography-text-font-family ), Sans-serif; font-weight: var( --e-global-typography-text-font-weight );\">&nbsp;<\/span><\/p>\n<p><span style=\"font-size: 1em; color: var( --e-global-color-text ); font-family: var( --e-global-typography-text-font-family ), Sans-serif; font-weight: var( --e-global-typography-text-font-weight );\">2) LIMITATION DE RESPONSABILIT\u00c9<\/span><\/p>\n<p><span style=\"font-size: 1em; color: var( --e-global-color-text ); font-family: var( --e-global-typography-text-font-family ), Sans-serif; font-weight: var( --e-global-typography-text-font-weight );\">&nbsp;<\/span><\/p>\n<p>L\u2019acc\u00e8s au compte client se faisant par la mise en place d\u2019un mot de passe, la Soci\u00e9t\u00e9 ne saurait engager sa responsabilit\u00e9 en cas d\u2019acc\u00e8s au Site par un tiers qui aurait eu connaissance du mot de passe n\u00e9cessaire \u00e0 l\u2019acc\u00e8s r\u00e9serv\u00e9 aux internautes clients. Il appartient en effet aux internautes d\u2019assurer la confidentialit\u00e9 de leur mot de passe.<\/p>\n<p>La Soci\u00e9t\u00e9 d\u00e9cline toute responsabilit\u00e9 en cas de mauvaise utilisation ou d\u2019incident li\u00e9 \u00e0 l\u2019utilisation d\u2019un ordinateur, d\u2019un acc\u00e8s \u00e0 internet, \u00e0 la maintenance ou au dysfonctionnement de serveurs, de la ligne t\u00e9l\u00e9phonique ou de toute autre connexion technique ; et plus g\u00e9n\u00e9ralement pour tous dommages directs ou indirects r\u00e9sultant de l\u2019acc\u00e8s ou de l\u2019impossibilit\u00e9 d\u2019acc\u00e9der au Site, de l\u2019utilisation du Site, des informations disponibles sur celui-ci et\/ou sur d&rsquo;autres sites qui lui sont li\u00e9s et, notamment, de tout pr\u00e9judice financier, commercial, perte de programmes ou de donn\u00e9es dans le syst\u00e8me d&rsquo;information des internautes.<\/p>\n<p>La Soci\u00e9t\u00e9 d\u00e9cline \u00e9galement toute responsabilit\u00e9 en ce qui concerne la conformit\u00e9 des informations disponibles sur le Site avec les utilisations que souhaitent en faire les internautes. En cons\u00e9quence, les internautes reconnaissent utiliser ces informations sous leur responsabilit\u00e9 exclusive.<\/p>\n<p><\/p>\n<p><span style=\"font-size: 1em; color: var( --e-global-color-text ); font-family: var( --e-global-typography-text-font-family ), Sans-serif; font-weight: var( --e-global-typography-text-font-weight );\">3) PROPRI\u00c9T\u00c9 INTELLECTUELLE<\/span><\/p>\n<p><span style=\"font-size: 1em; color: var( --e-global-color-text ); font-family: var( --e-global-typography-text-font-family ), Sans-serif; font-weight: var( --e-global-typography-text-font-weight );\">&nbsp;<\/span><\/p>\n<p>Le Site constitue une \u0153uvre prot\u00e9g\u00e9e par le droit d\u2019auteur au sens de l\u2019article L.111-1 et suivants du Code la propri\u00e9t\u00e9 intellectuelle. Toute reproduction et\/ou repr\u00e9sentation, partielle ou int\u00e9grale du Site et\/ou des \u00e9l\u00e9ments qui y sont contenus est interdite et constitutive de contrefa\u00e7on.<\/p>\n<p>Tous les \u00e9l\u00e9ments contenus sur le Site (notamment logiciels, textes, dessins, photographies, marques, d\u00e9nomination sociale, logos, produits, images anim\u00e9es ou non, sons, savoir-faire, bases de donn\u00e9es et plus g\u00e9n\u00e9ralement tout type de donn\u00e9es) sont la propri\u00e9t\u00e9 exclusive de la Soci\u00e9t\u00e9 ou de ses partenaires, le cas \u00e9ch\u00e9ant, et sont prot\u00e9g\u00e9s par la l\u00e9gislation fran\u00e7aise sur le droit d\u2019auteur et par tous autres droits de propri\u00e9t\u00e9 intellectuelle. La d\u00e9nomination du Site ainsi que les d\u00e9nominations des produits pr\u00e9sent\u00e9s sur le Site sont des marques prot\u00e9g\u00e9es par la Soci\u00e9t\u00e9 et\/ou les soci\u00e9t\u00e9s du Groupe Cromology auquel appartient la Soci\u00e9t\u00e9 et\/ou les fournisseurs de ces soci\u00e9t\u00e9s. Aucune licence, ni aucun droit autre que celui de consulter le Site n\u2019est conf\u00e9r\u00e9 \u00e0 l\u2019internaute. Toute reproduction, repr\u00e9sentation, adaptation, traduction et\/ou transformation, partielle ou int\u00e9grale, du Site ou tout transfert sur un autre site est interdit et constitutif de contrefa\u00e7on, \u00e0 l\u2019exception d\u2019un usage strictement priv\u00e9 \u00e0 des fins non commerciales, sous r\u00e9serve des droits de propri\u00e9t\u00e9 intellectuelle attach\u00e9s et de l\u2019indication de la source de ces \u00e9l\u00e9ments.<\/p>\n<p><span style=\"color: var( --e-global-color-text ); font-family: var( --e-global-typography-text-font-family ), Sans-serif; font-size: 1em; font-weight: var( --e-global-typography-text-font-weight );\">&nbsp;&nbsp;<\/span><\/p>\n<p><span style=\"color: var( --e-global-color-text ); font-family: var( --e-global-typography-text-font-family ), Sans-serif; font-size: 1em; font-weight: var( --e-global-typography-text-font-weight );\">4) USAGE PERSONNEL<\/span><\/p>\n<p><span style=\"font-size: 1em; color: var( --e-global-color-text ); font-family: var( --e-global-typography-text-font-family ), Sans-serif; font-weight: var( --e-global-typography-text-font-weight );\">&nbsp;&nbsp;<\/span><\/p>\n<p><span style=\"font-size: 1em; color: var( --e-global-color-text ); font-family: var( --e-global-typography-text-font-family ), Sans-serif; font-weight: var( --e-global-typography-text-font-weight );\">Tous les \u00e9l\u00e9ments du Site sont mis \u00e0 la disposition des internautes pour leur usage personnel. Il leur est interdit d\u2019utiliser les \u00e9l\u00e9ments du Site \u00e0 des fins commerciales. Aucun \u00e9l\u00e9ment du Site ne peut \u00eatre interpr\u00e9t\u00e9 comme accordant aux internautes un quelconque droit de propri\u00e9t\u00e9 intellectuelle sur le Site et\/ou son contenu. Seul le droit de consulter le Site et de faire, s\u2019il le souhaite, des achats de Produits ou de services leur est accord\u00e9. La copie, l\u2019impression, la reproduction et l\u2019utilisation, sans alt\u00e9ration, autre que celle autoris\u00e9e par les outils disponibles sur le Site, des dessins, photographies, images, textes et autres documentations repr\u00e9sent\u00e9s sur le Site, \u00e0 usage exclusivement personnel et priv\u00e9 des internautes, sont autoris\u00e9s.<\/span><\/p>\n<p><span style=\"color: var( --e-global-color-text ); font-family: var( --e-global-typography-text-font-family ), Sans-serif; font-size: 1em; font-weight: var( --e-global-typography-text-font-weight );\">&nbsp;&nbsp;<\/span><\/p>\n<p><span style=\"color: var( --e-global-color-text ); font-family: var( --e-global-typography-text-font-family ), Sans-serif; font-size: 1em; font-weight: var( --e-global-typography-text-font-weight );\">5) FONCTIONNEMENT TECHNIQUE DU SITE &#8211; ABSENCE DE GARANTIE<\/span><\/p>\n<p><span style=\"color: var( --e-global-color-text ); font-family: var( --e-global-typography-text-font-family ), Sans-serif; font-size: 1em; font-weight: var( --e-global-typography-text-font-weight );\">&nbsp;<\/span><\/p>\n<p>Le Site est normalement accessible 24h\/24 et 7 jours\/7. En cas de force majeure (tel que ce terme est d\u00e9fini par l\u2019article 1218 du Code civil et la jurisprudence de la Cour de cassation), de difficult\u00e9s informatiques, de difficult\u00e9s li\u00e9es \u00e0 la structure des r\u00e9seaux de t\u00e9l\u00e9communications ou difficult\u00e9s techniques, pour des raisons de maintenance, et sans que cette liste ne soit exhaustive, l&rsquo;acc\u00e8s \u00e0 tout ou partie du Site pourra \u00eatre suspendu, interrompu ou supprim\u00e9 sur simple d\u00e9cision de la Soci\u00e9t\u00e9, ce que les internautes acceptent express\u00e9ment. Le Site est \u00e9galement susceptible de modifications et d&rsquo;\u00e9volutions sans notification d\u2019aucune sorte.<\/p>\n<p>Les internautes reconnaissent disposer de la comp\u00e9tence et des moyens n\u00e9cessaires pour acc\u00e9der au Site et utiliser celui-ci. Ils reconnaissent avoir v\u00e9rifi\u00e9 que la configuration informatique qu&rsquo;ils utilisent ne contient aucun virus et qu&rsquo;elle est en parfait \u00e9tat de fonctionnement.<\/p>\n<p>La Soci\u00e9t\u00e9 vous remercie de lui faire part d&rsquo;\u00e9ventuelles requ\u00eates, omissions, erreurs, ou corrections en adressant un mail au webmaster du site internet \u00e0 l&rsquo;adresse suivante : <a href=\"mailto:service-client@cromology.com\">service-client@cromology.com<\/a>.&nbsp;<\/p>\n<p><\/p>\n<p><span style=\"font-size: 1em; color: var( --e-global-color-text ); font-family: var( --e-global-typography-text-font-family ), Sans-serif; font-weight: var( --e-global-typography-text-font-weight );\">6) COMPETENCE D\u2019ATTRIBUTION<\/span><\/p>\n<p><span style=\"font-size: 1em; color: var( --e-global-color-text ); font-family: var( --e-global-typography-text-font-family ), Sans-serif; font-weight: var( --e-global-typography-text-font-weight );\">&nbsp;&nbsp;<\/span><\/p>\n<p>Le contenu du Site est r\u00e9gi par la loi fran\u00e7aise. Il en est ainsi des r\u00e8gles de fond comme des r\u00e8gles de forme, et son contenu sera appr\u00e9ci\u00e9 par la seule juridiction fran\u00e7aise comp\u00e9tente. Les r\u00e8gles de conflits de loi sont exclues au profit de l&rsquo;application compl\u00e8te et sans r\u00e9serve de la loi fran\u00e7aise.<\/p>\n<p><\/p>\n<p>CREDITS PHOTOS<\/p>\n<p><\/p>\n<p>Gardette, Antonia Machayekhi, Fernando Guerra, Boussala, Iwan Baan, Alessandra Bello, Antonio Pedro Ferreira, Bathilde Millet, Cora Buttenbender, Michel Ogier, Nomades, Arnaldo Genitri, Bart Van Leuven, Dujardin Filip, Eric Flogny, Fr\u00e9d\u00e9ric Vasseur, Fr\u00e9deric Vercruysse, Hendrix Diane, Inside\/L.Wauman, Ivano Redaelli, Joe Liao, Kevin Fitzsimons, Lenneke Wispelwey, Marco Zanta, Marie Pierre Morel, Martin Argyrogio, Nicolas Math\u00e9us, Nicolas Tosi, Pietro Savorelli, Rachel Smith, Ricardo Labougle, Richard Bryant, Romain Meffre \/ Yves Marchand, Sarah Blee, Sergey Mahkno \/ Vasily Butenko, Stephan Pieterse, 3 D for deco, Arcaidimages.com, Arch Carlo cappai, ASAR Agence Architecture, Bathilde Millet, Bjarke Ingels group, CD Creatas Interiors 1, CD Goodshoot GS 199 interiors, CD Living Space, Chartier Corbasson Architects, Departement of Architecture CO. Eero Saarinen, ELLE DECO, FG+SG, Form Us With Love, Fotolia, Getty, Good Shoot interiors, Hauser &amp; Wirth and Luxuring Augustine, Inside Photo, Istockphoto, Manuel Gra\u00e7a Dias &#8211; Sociedade Contemporanea, Marie Claire Maison, Metropolis Architecten, Michael Rojkind Arquitectos, Mix, Nacarat, Nomade, OWI, Patrick Blanc, Photononstop \/ Maison Fran\u00e7aise, Rouge Grenade, Shutterstock, Soci\u00e9t\u00e9 Aline Hannouz &amp; Fabrice Janneau, Soci\u00e9t\u00e9 Atelier Patrick Vidal Architecte, Soci\u00e9t\u00e9 Bathilde Millet Architectes, Soci\u00e9t\u00e9 Jean Luc H\u00e9ry, Stock Getty Images, Stock Veer Images, Studio Garnier, Symbiosis Designs, The LADG &#8211; Andrew Holder &#8211; Claus Benjamin Freyinger, Tollens, Toyo Ito &amp; Associates, Eric Saillet, Lauraine Tournier, Technographe, Herv\u00e9 Habadie, Pomka.&nbsp;<\/p>\n<div>&nbsp;<\/div>\t\t\t\t\t\t<\/div>\n\t\t\t\t<\/div>\n\t\t\t\t\t<\/div>\n\t\t<\/div>\n\t\t\t\t\t\t\t<\/div>\n\t\t<\/section>\n\t\t\t\t\t\t\t<\/div>\n\t\t","protected":false},"excerpt":{"rendered":"<p>MENTIONS LEGALES \u2013 CONDITIONS GENERALES D\u2019UTILISATION MENTIONS LEGALES Le site www.districolor.fr&nbsp; (ci-apr\u00e8s le \u00ab Site \u00bb) est \u00e9dit\u00e9 par la soci\u00e9t\u00e9 Cromology Distribution (ci-apr\u00e8s \u00ab la Soci\u00e9t\u00e9 \u00bb), SASU dont le si\u00e8ge social est sis 12, cours Michelet, Carr\u00e9 Michelet, [&hellip;]<\/p>\n","protected":false},"author":6,"featured_media":0,"parent":0,"menu_order":0,"comment_status":"closed","ping_status":"closed","template":"","meta":[],"_links":{"self":[{"href":"https:\/\/www.districolor.fr\/blog\/wp-json\/wp\/v2\/pages\/1097"}],"collection":[{"href":"https:\/\/www.districolor.fr\/blog\/wp-json\/wp\/v2\/pages"}],"about":[{"href":"https:\/\/www.districolor.fr\/blog\/wp-json\/wp\/v2\/types\/page"}],"author":[{"embeddable":true,"href":"https:\/\/www.districolor.fr\/blog\/wp-json\/wp\/v2\/users\/6"}],"replies":[{"embeddable":true,"href":"https:\/\/www.districolor.fr\/blog\/wp-json\/wp\/v2\/comments?post=1097"}],"version-history":[{"count":25,"href":"https:\/\/www.districolor.fr\/blog\/wp-json\/wp\/v2\/pages\/1097\/revisions"}],"predecessor-version":[{"id":1376,"href":"https:\/\/www.districolor.fr\/blog\/wp-json\/wp\/v2\/pages\/1097\/revisions\/1376"}],"wp:attachment":[{"href":"https:\/\/www.districolor.fr\/blog\/wp-json\/wp\/v2\/media?parent=1097"}],"curies":[{"name":"wp","href":"https:\/\/api.w.org\/{rel}","templated":true}]}}