{"id":645,"date":"2018-11-23T15:29:03","date_gmt":"2018-11-23T14:29:03","guid":{"rendered":"https:\/\/www.districolor.fr\/blog\/?page_id=645"},"modified":"2019-04-24T15:49:42","modified_gmt":"2019-04-24T13:49:42","slug":"nos-services-experts-emballage-de-qualite-livraison-en-24h-48h","status":"publish","type":"page","link":"https:\/\/www.districolor.fr\/blog\/nos-services-experts-emballage-de-qualite-livraison-en-24h-48h\/","title":{"rendered":"La livraison de votre marchandise"},"content":{"rendered":"<section class=\"kc-elm kc-css-488116 kc_row\"><div class=\"kc-row-container  kc-container\"><div class=\"kc-wrap-columns\"><div class=\"kc-elm kc-css-990174 kc_col-sm-6 kc_column kc_col-sm-6\"><div class=\"kc-col-container\"><div class=\"kc-elm kc-css-296314\" style=\"height: 25px; clear: both; width:100%;\"><\/div><div class=\"kc-elm kc-css-147374 kc_text_block\"><\/p>\n<h2 style=\"text-align: center;\">BENEFICIEZ DE LA LIVRAISON GRATUITE !!<\/h2>\n<\/p>\n<p class=\"flaticon-certifications flaticon-resultats\" style=\"text-align: center;\">Votre livraison\u00a0est\u00a0<strong>gratuite \u00e0 partir de 120\u20ac<\/strong>\u00a0TTC.<\/p>\n<p class=\"flaticon-certifications flaticon-resultats\" style=\"text-align: center;\">Si votre commande n&#039;atteint pas ce montant, <br \/>les frais pour la livraison standard seront de <strong>9.90\u20ac<\/strong> TTC.<\/p>\n<p>\n<\/div><div class=\"kc-elm kc-css-884928\" style=\"height: 25px; clear: both; width:100%;\"><\/div><div class=\"kc-elm kc-css-952934 kc_text_block\"><\/p>\n<p><img decoding=\"async\" loading=\"lazy\" src=\"https:\/\/www.districolor.fr\/blog\/wp-content\/uploads\/2018\/11\/livraison-gratuite.jpg\" alt=\"\" width=\"302\" height=\"301\" \/><\/p>\n<p>\n<\/div><div class=\"kc-elm kc-css-734918\" style=\"height: 25px; clear: both; width:100%;\"><\/div><div class=\"kc-elm kc-css-504792 kc_text_block\"><\/p>\n<h2 style=\"text-align: center;\">CHOISISSEZ VOTRE LIEU DE LIVRAISON<\/h2>\n<p style=\"text-align: center;\">La livraison s&#039;effectuera \u00e0 l&#039;<strong>adresse de livraison indiqu\u00e9e sur votre commande<\/strong>\u00a0donc vous pouvez tout \u00e0 fait choisir de livrer sur votre chantier ou autres, en prenant soin d&#039;indiquer la personne qui se chargera de r\u00e9ceptionner la marchandise.<\/p>\n<p style=\"text-align: center;\"><strong>N&#039;oubliez pas de donner toutes les informations\u00a0<\/strong>relatives \u00e0 l&#039;adresse afin que le chauffeur soit le mieux renseign\u00e9 possible et que la livraison ne perde pas de temps.<\/p>\n<p style=\"text-align: center;\">\n<\/div><div class=\"kc-elm kc-css-740012\" style=\"height: 23px; clear: both; width:100%;\"><\/div><div class=\"kc-elm kc-css-469396 kc_shortcode kc_single_image\">\n\n        <img src=\"https:\/\/www.districolor.fr\/blog\/wp-content\/uploads\/2018\/12\/livraison-chantier-263x270.jpg\" class=\"\" alt=\"\" \/>    <\/div>\n<\/div><\/div><div class=\"kc-elm kc-css-551368 kc_col-sm-6 kc_column kc_col-sm-6\"><div class=\"kc-col-container\"><div class=\"kc-elm kc-css-248883\" style=\"height: 23px; clear: both; width:100%;\"><\/div><div class=\"kc-elm kc-css-837187 kc_text_block\"><\/p>\n<h2 style=\"text-align: center;\">VOUS ETES LIVRES EN 48H!<\/h2>\n<p style=\"text-align: center;\"><span style=\"font-size: 13px;\">Si votre commande est pass\u00e9e avant 12H, <br \/>vous serez livr\u00e9 sous 24 \u00e0 48H* (hors week-ends et jours f\u00e9ri\u00e9s).<\/span><\/p>\n<p style=\"text-align: center;\">Les produits de la marque FARROW &#038; BALL peuvent avoir un d\u00e9lai de 2 \u00e0 12 jours ouvr\u00e9s.<\/p>\n<p style=\"text-align: center;\"><span style=\"font-size: 13px;\">La livraison s&#039;effectuera \u00e0 l&#039;adresse de livraison indiqu\u00e9e sur votre commande ou \u00e0 d\u00e9faut \u00e0 l&#039;adresse de facturation.<br \/><\/span><\/p>\n<p style=\"text-align: center;\"><span style=\"font-size: 13px;\">Notre service de livraison vous permet de suivre l&#039;acheminement de votre colis et pouvoir donner une nouvelle instruction de livraison si besoin.<\/span><\/p>\n<p class=\"flaticon-conseil flaticon-resultats flaticon-certifications\" style=\"text-align: center;\">Si vous n&#039;\u00eates pas pr\u00e9sents lors de la livraison, la livraison sera d\u00e9cal\u00e9e d&#039;une journ\u00e9e ou votre colis sera livr\u00e9 en relais colis.<\/p>\n<p>\n<\/div><div class=\"kc-elm kc-css-518535\" style=\"height: 25px; clear: both; width:100%;\"><\/div><div class=\"kc-elm kc-css-655603 kc_shortcode kc_single_image\">\n\n        <img src=\"https:\/\/www.districolor.fr\/blog\/wp-content\/uploads\/2018\/11\/48-h-320x180.jpg\" class=\"\" alt=\"\" \/>    <\/div>\n<div class=\"kc-elm kc-css-175343\" style=\"height: 25px; clear: both; width:100%;\"><\/div><div class=\"kc-elm kc-css-918769 kc_row kc_row_inner\"><div class=\"kc-elm kc-css-268892 kc_col-sm-12 kc_column_inner kc_col-sm-12\"><div class=\"kc_wrapper kc-col-inner-container\"><div class=\"kc-elm kc-css-706739 kc_text_block\"><\/p>\n<h2 style=\"text-align: center;\">BESOIN D&#039; ETRE LIVRE EN EXPRESS ?<\/h2>\n<p style=\"text-align: center;\">Si votre commande est pass\u00e9e\u00a0<strong>avant 12H<\/strong>, elle vous sera livr\u00e9e le lendemain avant 13h ( hors week-ends et jours f\u00e9ri\u00e9s ) sauf certains d\u00e9partements\u00a0<\/p>\n<p style=\"text-align: center;\">Ce service de livraison vous sera factur\u00e9 22.70\u20ac TTC.<\/p>\n<p style=\"text-align: center;\">\n<\/div>\n<div class=\"kc-elm kc-css-937628 kc-call-to-action kc-cta-2 kc-is-button\">\n\n\t<div class=\"kc-cta-desc\"><div class=\"kc-cta-text\">Voir la liste des d\u00e9partements non accessible en livraison express<\/div><\/div><div class=\"kc-cta-button\"><a href=\"https:\/\/www.tnt.com\/express\/fr_fr\/site\/home\/comment-expedier\/services-livraison\/services-complementaires\/livraison-zone-eloignee\/liste_des_communes.html\">Cliquez ici<\/a><\/div>\n<\/div>\n<\/div><\/div><\/div><div class=\"kc-elm kc-css-522549\" style=\"height: 15px; clear: both; width:100%;\"><\/div><div class=\"kc-elm kc-css-378787 kc_shortcode kc_single_image\">\n\n        <img src=\"https:\/\/www.districolor.fr\/blog\/wp-content\/uploads\/2018\/12\/24h-320x180.jpg\" class=\"\" alt=\"\" \/>    <\/div>\n<\/div><\/div><\/div><\/div><\/section>\n","protected":false},"excerpt":{"rendered":"","protected":false},"author":7,"featured_media":0,"parent":0,"menu_order":2010,"comment_status":"closed","ping_status":"closed","template":"","meta":[],"_links":{"self":[{"href":"https:\/\/www.districolor.fr\/blog\/wp-json\/wp\/v2\/pages\/645"}],"collection":[{"href":"https:\/\/www.districolor.fr\/blog\/wp-json\/wp\/v2\/pages"}],"about":[{"href":"https:\/\/www.districolor.fr\/blog\/wp-json\/wp\/v2\/types\/page"}],"author":[{"embeddable":true,"href":"https:\/\/www.districolor.fr\/blog\/wp-json\/wp\/v2\/users\/7"}],"replies":[{"embeddable":true,"href":"https:\/\/www.districolor.fr\/blog\/wp-json\/wp\/v2\/comments?post=645"}],"version-history":[{"count":10,"href":"https:\/\/www.districolor.fr\/blog\/wp-json\/wp\/v2\/pages\/645\/revisions"}],"predecessor-version":[{"id":808,"href":"https:\/\/www.districolor.fr\/blog\/wp-json\/wp\/v2\/pages\/645\/revisions\/808"}],"wp:attachment":[{"href":"https:\/\/www.districolor.fr\/blog\/wp-json\/wp\/v2\/media?parent=645"}],"curies":[{"name":"wp","href":"https:\/\/api.w.org\/{rel}","templated":true}]}}