{"id":927,"date":"2023-06-22T16:08:22","date_gmt":"2023-06-22T14:08:22","guid":{"rendered":"https:\/\/www.districolor.fr\/blog\/?page_id=927"},"modified":"2026-03-02T08:12:04","modified_gmt":"2026-03-02T07:12:04","slug":"page-daccueil-elementor","status":"publish","type":"page","link":"https:\/\/www.districolor.fr\/blog\/","title":{"rendered":"Page d&rsquo;accueil Elementor"},"content":{"rendered":"\t\t<div data-elementor-type=\"wp-page\" data-elementor-id=\"927\" class=\"elementor elementor-927\" data-elementor-post-type=\"page\">\n\t\t\t\t\t\t\t\t\t<section class=\"elementor-section elementor-top-section elementor-element elementor-element-91fa9e9 elementor-section-boxed elementor-section-height-default elementor-section-height-default\" data-id=\"91fa9e9\" data-element_type=\"section\">\n\t\t\t\t\t\t<div class=\"elementor-container elementor-column-gap-default\">\n\t\t\t\t\t<div class=\"elementor-column elementor-col-100 elementor-top-column elementor-element elementor-element-8940950\" data-id=\"8940950\" data-element_type=\"column\">\n\t\t\t<div class=\"elementor-widget-wrap elementor-element-populated\">\n\t\t\t\t\t\t\t\t<div class=\"elementor-element elementor-element-d0ec289 elementor-widget elementor-widget-heading\" data-id=\"d0ec289\" data-element_type=\"widget\" data-widget_type=\"heading.default\">\n\t\t\t\t<div class=\"elementor-widget-container\">\n\t\t\t<style>\/*! elementor - v3.14.0 - 26-06-2023 *\/\n.elementor-heading-title{padding:0;margin:0;line-height:1}.elementor-widget-heading .elementor-heading-title[class*=elementor-size-]>a{color:inherit;font-size:inherit;line-height:inherit}.elementor-widget-heading .elementor-heading-title.elementor-size-small{font-size:15px}.elementor-widget-heading .elementor-heading-title.elementor-size-medium{font-size:19px}.elementor-widget-heading .elementor-heading-title.elementor-size-large{font-size:29px}.elementor-widget-heading .elementor-heading-title.elementor-size-xl{font-size:39px}.elementor-widget-heading .elementor-heading-title.elementor-size-xxl{font-size:59px}<\/style><h1 class=\"elementor-heading-title elementor-size-default\">Particuliers, bienvenue chez ZOLPAN<\/h1>\t\t<\/div>\n\t\t\t\t<\/div>\n\t\t\t\t<div class=\"elementor-element elementor-element-ba4fc6c elementor-widget elementor-widget-text-editor\" data-id=\"ba4fc6c\" data-element_type=\"widget\" data-widget_type=\"text-editor.default\">\n\t\t\t\t<div class=\"elementor-widget-container\">\n\t\t\t<style>\/*! elementor - v3.14.0 - 26-06-2023 *\/\n.elementor-widget-text-editor.elementor-drop-cap-view-stacked .elementor-drop-cap{background-color:#69727d;color:#fff}.elementor-widget-text-editor.elementor-drop-cap-view-framed .elementor-drop-cap{color:#69727d;border:3px solid;background-color:transparent}.elementor-widget-text-editor:not(.elementor-drop-cap-view-default) .elementor-drop-cap{margin-top:8px}.elementor-widget-text-editor:not(.elementor-drop-cap-view-default) .elementor-drop-cap-letter{width:1em;height:1em}.elementor-widget-text-editor .elementor-drop-cap{float:left;text-align:center;line-height:1;font-size:50px}.elementor-widget-text-editor .elementor-drop-cap-letter{display:inline-block}<\/style>\t\t\t\t<p>Fabricant et distributeur fran\u00e7ais de peintures professionnelles, rev\u00eatements murs et sols, isolation thermique, mat\u00e9riel et outillage. Un r\u00e9seau de 140 points de vente Zolpan en France et 600 expert.e.s \u00e0 vos c\u00f4t\u00e9s.&nbsp;<\/p>\t\t\t\t\t\t<\/div>\n\t\t\t\t<\/div>\n\t\t\t\t\t<\/div>\n\t\t<\/div>\n\t\t\t\t\t\t\t<\/div>\n\t\t<\/section>\n\t\t\t\t<section class=\"elementor-section elementor-top-section elementor-element elementor-element-d3d1a77 elementor-section-boxed elementor-section-height-default elementor-section-height-default\" data-id=\"d3d1a77\" data-element_type=\"section\">\n\t\t\t\t\t\t<div class=\"elementor-container elementor-column-gap-default\">\n\t\t\t\t\t<div class=\"elementor-column elementor-col-100 elementor-top-column elementor-element elementor-element-c3a08c1\" data-id=\"c3a08c1\" data-element_type=\"column\">\n\t\t\t<div class=\"elementor-widget-wrap elementor-element-populated\">\n\t\t\t\t\t\t\t\t<div class=\"elementor-element elementor-element-896235f elementor-hidden-desktop elementor-hidden-tablet elementor-hidden-mobile elementor-widget elementor-widget-image\" data-id=\"896235f\" data-element_type=\"widget\" data-widget_type=\"image.default\">\n\t\t\t\t<div class=\"elementor-widget-container\">\n\t\t\t<style>\/*! elementor - v3.14.0 - 26-06-2023 *\/\n.elementor-widget-image{text-align:center}.elementor-widget-image a{display:inline-block}.elementor-widget-image a img[src$=\".svg\"]{width:48px}.elementor-widget-image img{vertical-align:middle;display:inline-block}<\/style>\t\t\t\t\t\t\t\t\t\t\t\t\t<a href=\"https:\/\/www.districolor.fr\/fr\/peintures-interieures\/peintures-murs-et-plafonds\/peinture-velours\/testeur-peinture-19473.xhtml\">\n\t\t\t\t\t\t\t<img decoding=\"async\" width=\"1280\" height=\"440\" src=\"https:\/\/www.districolor.fr\/blog\/wp-content\/uploads\/2023\/12\/DISTRICOLOR-ECHANTILLON-TESTEUR-COULEURS-PEINTURE-ZOLPAN.jpg\" class=\"attachment-2048x2048 size-2048x2048 wp-image-1310\" alt=\"Echantillon testeur de couleurs de peinture Zolpan\" loading=\"lazy\" srcset=\"https:\/\/www.districolor.fr\/blog\/wp-content\/uploads\/2023\/12\/DISTRICOLOR-ECHANTILLON-TESTEUR-COULEURS-PEINTURE-ZOLPAN.jpg 1280w, https:\/\/www.districolor.fr\/blog\/wp-content\/uploads\/2023\/12\/DISTRICOLOR-ECHANTILLON-TESTEUR-COULEURS-PEINTURE-ZOLPAN-480x165.jpg 480w, https:\/\/www.districolor.fr\/blog\/wp-content\/uploads\/2023\/12\/DISTRICOLOR-ECHANTILLON-TESTEUR-COULEURS-PEINTURE-ZOLPAN-640x220.jpg 640w, https:\/\/www.districolor.fr\/blog\/wp-content\/uploads\/2023\/12\/DISTRICOLOR-ECHANTILLON-TESTEUR-COULEURS-PEINTURE-ZOLPAN-768x264.jpg 768w\" sizes=\"(max-width: 1280px) 100vw, 1280px\" \/>\t\t\t\t\t\t\t\t<\/a>\n\t\t\t\t\t\t\t\t\t\t\t\t\t\t\t<\/div>\n\t\t\t\t<\/div>\n\t\t\t\t\t<\/div>\n\t\t<\/div>\n\t\t\t\t\t\t\t<\/div>\n\t\t<\/section>\n\t\t\t\t<section class=\"elementor-section elementor-top-section elementor-element elementor-element-512e3e1 elementor-section-boxed elementor-section-height-default elementor-section-height-default\" data-id=\"512e3e1\" data-element_type=\"section\">\n\t\t\t\t\t\t<div class=\"elementor-container elementor-column-gap-default\">\n\t\t\t\t\t<div class=\"elementor-column elementor-col-50 elementor-top-column elementor-element elementor-element-958d4c0\" data-id=\"958d4c0\" data-element_type=\"column\">\n\t\t\t<div class=\"elementor-widget-wrap elementor-element-populated\">\n\t\t\t\t\t\t\t\t<div class=\"elementor-element elementor-element-8cf0e29 elementor-widget elementor-widget-image\" data-id=\"8cf0e29\" data-element_type=\"widget\" data-widget_type=\"image.default\">\n\t\t\t\t<div class=\"elementor-widget-container\">\n\t\t\t\t\t\t\t\t\t\t\t\t\t\t\t\t<a href=\"https:\/\/www.districolor.fr\/fr\/peintures-interieures\/peintures-murs-et-plafonds\/peinture-velours\/testeur-peinture-19473.xhtml\">\n\t\t\t\t\t\t\t<img decoding=\"async\" width=\"640\" height=\"360\" src=\"https:\/\/www.districolor.fr\/blog\/wp-content\/uploads\/2024\/07\/districolore-testeur2-640x360.jpg\" class=\"attachment-large size-large wp-image-1325\" alt=\"Testeur peinture ZOLPAN\" loading=\"lazy\" srcset=\"https:\/\/www.districolor.fr\/blog\/wp-content\/uploads\/2024\/07\/districolore-testeur2-640x360.jpg 640w, https:\/\/www.districolor.fr\/blog\/wp-content\/uploads\/2024\/07\/districolore-testeur2-480x270.jpg 480w, https:\/\/www.districolor.fr\/blog\/wp-content\/uploads\/2024\/07\/districolore-testeur2-320x180.jpg 320w, https:\/\/www.districolor.fr\/blog\/wp-content\/uploads\/2024\/07\/districolore-testeur2-768x432.jpg 768w, https:\/\/www.districolor.fr\/blog\/wp-content\/uploads\/2024\/07\/districolore-testeur2.jpg 1000w\" sizes=\"(max-width: 640px) 100vw, 640px\" \/>\t\t\t\t\t\t\t\t<\/a>\n\t\t\t\t\t\t\t\t\t\t\t\t\t\t\t<\/div>\n\t\t\t\t<\/div>\n\t\t\t\t\t<\/div>\n\t\t<\/div>\n\t\t\t\t<div class=\"elementor-column elementor-col-50 elementor-top-column elementor-element elementor-element-dabe603\" data-id=\"dabe603\" data-element_type=\"column\">\n\t\t\t<div class=\"elementor-widget-wrap elementor-element-populated\">\n\t\t\t\t\t\t\t\t<div class=\"elementor-element elementor-element-176aae5 elementor-widget elementor-widget-image\" data-id=\"176aae5\" data-element_type=\"widget\" data-widget_type=\"image.default\">\n\t\t\t\t<div class=\"elementor-widget-container\">\n\t\t\t\t\t\t\t\t\t\t\t\t\t\t\t<img decoding=\"async\" width=\"640\" height=\"360\" src=\"https:\/\/www.districolor.fr\/blog\/wp-content\/uploads\/2024\/07\/districolore-rempanier2-640x360.jpg\" class=\"attachment-large size-large wp-image-1326\" alt=\"Remises panier\" loading=\"lazy\" srcset=\"https:\/\/www.districolor.fr\/blog\/wp-content\/uploads\/2024\/07\/districolore-rempanier2-640x360.jpg 640w, https:\/\/www.districolor.fr\/blog\/wp-content\/uploads\/2024\/07\/districolore-rempanier2-480x270.jpg 480w, https:\/\/www.districolor.fr\/blog\/wp-content\/uploads\/2024\/07\/districolore-rempanier2-320x180.jpg 320w, https:\/\/www.districolor.fr\/blog\/wp-content\/uploads\/2024\/07\/districolore-rempanier2-768x432.jpg 768w, https:\/\/www.districolor.fr\/blog\/wp-content\/uploads\/2024\/07\/districolore-rempanier2.jpg 1000w\" sizes=\"(max-width: 640px) 100vw, 640px\" \/>\t\t\t\t\t\t\t\t\t\t\t\t\t\t\t<\/div>\n\t\t\t\t<\/div>\n\t\t\t\t\t<\/div>\n\t\t<\/div>\n\t\t\t\t\t\t\t<\/div>\n\t\t<\/section>\n\t\t\t\t<section class=\"elementor-section elementor-top-section elementor-element elementor-element-b1ca544 elementor-section-boxed elementor-section-height-default elementor-section-height-default\" data-id=\"b1ca544\" data-element_type=\"section\">\n\t\t\t\t\t\t<div class=\"elementor-container elementor-column-gap-default\">\n\t\t\t\t\t<div class=\"elementor-column elementor-col-50 elementor-top-column elementor-element elementor-element-5abe810\" data-id=\"5abe810\" data-element_type=\"column\">\n\t\t\t<div class=\"elementor-widget-wrap elementor-element-populated\">\n\t\t\t\t\t\t\t\t<div class=\"elementor-element elementor-element-3b7bd0d elementor-widget elementor-widget-image\" data-id=\"3b7bd0d\" data-element_type=\"widget\" data-widget_type=\"image.default\">\n\t\t\t\t<div class=\"elementor-widget-container\">\n\t\t\t\t\t\t\t\t\t\t\t\t\t\t\t\t<a href=\"https:\/\/www.districolor.fr\/fr\/peintures-interieures-9656.html\">\n\t\t\t\t\t\t\t<img decoding=\"async\" width=\"640\" height=\"360\" src=\"https:\/\/www.districolor.fr\/blog\/wp-content\/uploads\/2023\/07\/districolor-interieure2-640x360.jpg\" class=\"attachment-big-image size-big-image wp-image-1224\" alt=\"Peinture int\u00e9rieure ZOLPAN pour les particuliers\" loading=\"lazy\" srcset=\"https:\/\/www.districolor.fr\/blog\/wp-content\/uploads\/2023\/07\/districolor-interieure2-640x360.jpg 640w, https:\/\/www.districolor.fr\/blog\/wp-content\/uploads\/2023\/07\/districolor-interieure2-320x180.jpg 320w\" sizes=\"(max-width: 640px) 100vw, 640px\" \/>\t\t\t\t\t\t\t\t<\/a>\n\t\t\t\t\t\t\t\t\t\t\t\t\t\t\t<\/div>\n\t\t\t\t<\/div>\n\t\t\t\t\t<\/div>\n\t\t<\/div>\n\t\t\t\t<div class=\"elementor-column elementor-col-50 elementor-top-column elementor-element elementor-element-50a9645\" data-id=\"50a9645\" data-element_type=\"column\">\n\t\t\t<div class=\"elementor-widget-wrap elementor-element-populated\">\n\t\t\t\t\t\t\t\t<div class=\"elementor-element elementor-element-77d1c3f elementor-widget elementor-widget-image\" data-id=\"77d1c3f\" data-element_type=\"widget\" data-widget_type=\"image.default\">\n\t\t\t\t<div class=\"elementor-widget-container\">\n\t\t\t\t\t\t\t\t\t\t\t\t\t\t\t\t<a href=\"https:\/\/www.districolor.fr\/fr\/peintures-exterieures-9655.html\">\n\t\t\t\t\t\t\t<img decoding=\"async\" width=\"640\" height=\"360\" src=\"https:\/\/www.districolor.fr\/blog\/wp-content\/uploads\/2023\/07\/districolor-exterieure3-640x360.jpg\" class=\"attachment-big-image size-big-image wp-image-1223\" alt=\"\" loading=\"lazy\" srcset=\"https:\/\/www.districolor.fr\/blog\/wp-content\/uploads\/2023\/07\/districolor-exterieure3-640x360.jpg 640w, https:\/\/www.districolor.fr\/blog\/wp-content\/uploads\/2023\/07\/districolor-exterieure3-320x180.jpg 320w\" sizes=\"(max-width: 640px) 100vw, 640px\" \/>\t\t\t\t\t\t\t\t<\/a>\n\t\t\t\t\t\t\t\t\t\t\t\t\t\t\t<\/div>\n\t\t\t\t<\/div>\n\t\t\t\t\t<\/div>\n\t\t<\/div>\n\t\t\t\t\t\t\t<\/div>\n\t\t<\/section>\n\t\t\t\t<section class=\"elementor-section elementor-top-section elementor-element elementor-element-af6bcff elementor-section-boxed elementor-section-height-default elementor-section-height-default\" data-id=\"af6bcff\" data-element_type=\"section\">\n\t\t\t\t\t\t<div class=\"elementor-container elementor-column-gap-default\">\n\t\t\t\t\t<div class=\"elementor-column elementor-col-33 elementor-top-column elementor-element elementor-element-4e21c2a\" data-id=\"4e21c2a\" data-element_type=\"column\">\n\t\t\t<div class=\"elementor-widget-wrap elementor-element-populated\">\n\t\t\t\t\t\t\t\t<div class=\"elementor-element elementor-element-7612601 elementor-widget elementor-widget-image\" data-id=\"7612601\" data-element_type=\"widget\" data-widget_type=\"image.default\">\n\t\t\t\t<div class=\"elementor-widget-container\">\n\t\t\t\t\t\t\t\t\t\t\t\t\t\t\t\t<a href=\"https:\/\/www.districolor.fr\/fr\/boiseries-9682.html\">\n\t\t\t\t\t\t\t<img decoding=\"async\" width=\"360\" height=\"360\" src=\"https:\/\/www.districolor.fr\/blog\/wp-content\/uploads\/2023\/07\/districolor-BOIS-3-360x360.jpg\" class=\"attachment-large size-large wp-image-1246\" alt=\"Peinture bois Zolpan pour les particuliers\" loading=\"lazy\" srcset=\"https:\/\/www.districolor.fr\/blog\/wp-content\/uploads\/2023\/07\/districolor-BOIS-3-360x360.jpg 360w, https:\/\/www.districolor.fr\/blog\/wp-content\/uploads\/2023\/07\/districolor-BOIS-3-270x270.jpg 270w, https:\/\/www.districolor.fr\/blog\/wp-content\/uploads\/2023\/07\/districolor-BOIS-3-768x768.jpg 768w, https:\/\/www.districolor.fr\/blog\/wp-content\/uploads\/2023\/07\/districolor-BOIS-3.jpg 800w\" sizes=\"(max-width: 360px) 100vw, 360px\" \/>\t\t\t\t\t\t\t\t<\/a>\n\t\t\t\t\t\t\t\t\t\t\t\t\t\t\t<\/div>\n\t\t\t\t<\/div>\n\t\t\t\t\t<\/div>\n\t\t<\/div>\n\t\t\t\t<div class=\"elementor-column elementor-col-33 elementor-top-column elementor-element elementor-element-7909774\" data-id=\"7909774\" data-element_type=\"column\">\n\t\t\t<div class=\"elementor-widget-wrap elementor-element-populated\">\n\t\t\t\t\t\t\t\t<div class=\"elementor-element elementor-element-0def501 elementor-widget elementor-widget-image\" data-id=\"0def501\" data-element_type=\"widget\" data-widget_type=\"image.default\">\n\t\t\t\t<div class=\"elementor-widget-container\">\n\t\t\t\t\t\t\t\t\t\t\t\t\t\t\t\t<a href=\"https:\/\/www.districolor.fr\/fr\/metaux\/peinture-metaux--antirouille-9686.html\">\n\t\t\t\t\t\t\t<img decoding=\"async\" width=\"360\" height=\"360\" src=\"https:\/\/www.districolor.fr\/blog\/wp-content\/uploads\/2023\/07\/districolor-METAL2-360x360.jpg\" class=\"attachment-large size-large wp-image-1245\" alt=\"Peinture m\u00e9tal ZOLPAN pour les particuliers\" loading=\"lazy\" srcset=\"https:\/\/www.districolor.fr\/blog\/wp-content\/uploads\/2023\/07\/districolor-METAL2-360x360.jpg 360w, https:\/\/www.districolor.fr\/blog\/wp-content\/uploads\/2023\/07\/districolor-METAL2-270x270.jpg 270w, https:\/\/www.districolor.fr\/blog\/wp-content\/uploads\/2023\/07\/districolor-METAL2-768x768.jpg 768w, https:\/\/www.districolor.fr\/blog\/wp-content\/uploads\/2023\/07\/districolor-METAL2.jpg 800w\" sizes=\"(max-width: 360px) 100vw, 360px\" \/>\t\t\t\t\t\t\t\t<\/a>\n\t\t\t\t\t\t\t\t\t\t\t\t\t\t\t<\/div>\n\t\t\t\t<\/div>\n\t\t\t\t\t<\/div>\n\t\t<\/div>\n\t\t\t\t<div class=\"elementor-column elementor-col-33 elementor-top-column elementor-element elementor-element-f16ab4a\" data-id=\"f16ab4a\" data-element_type=\"column\">\n\t\t\t<div class=\"elementor-widget-wrap elementor-element-populated\">\n\t\t\t\t\t\t\t\t<div class=\"elementor-element elementor-element-db157b8 elementor-widget elementor-widget-image\" data-id=\"db157b8\" data-element_type=\"widget\" data-widget_type=\"image.default\">\n\t\t\t\t<div class=\"elementor-widget-container\">\n\t\t\t\t\t\t\t\t\t\t\t\t\t\t\t\t<a href=\"https:\/\/www.districolor.fr\/fr\/outillages-9676.html\">\n\t\t\t\t\t\t\t<img decoding=\"async\" width=\"360\" height=\"360\" src=\"https:\/\/www.districolor.fr\/blog\/wp-content\/uploads\/2023\/08\/districolor-outillage-2-360x360.jpg\" class=\"attachment-large size-large wp-image-1290\" alt=\"Outillage peinture Zolpan\" loading=\"lazy\" srcset=\"https:\/\/www.districolor.fr\/blog\/wp-content\/uploads\/2023\/08\/districolor-outillage-2-360x360.jpg 360w, https:\/\/www.districolor.fr\/blog\/wp-content\/uploads\/2023\/08\/districolor-outillage-2-270x270.jpg 270w, https:\/\/www.districolor.fr\/blog\/wp-content\/uploads\/2023\/08\/districolor-outillage-2-768x768.jpg 768w, https:\/\/www.districolor.fr\/blog\/wp-content\/uploads\/2023\/08\/districolor-outillage-2.jpg 800w\" sizes=\"(max-width: 360px) 100vw, 360px\" \/>\t\t\t\t\t\t\t\t<\/a>\n\t\t\t\t\t\t\t\t\t\t\t\t\t\t\t<\/div>\n\t\t\t\t<\/div>\n\t\t\t\t\t<\/div>\n\t\t<\/div>\n\t\t\t\t\t\t\t<\/div>\n\t\t<\/section>\n\t\t\t\t<section class=\"elementor-section elementor-top-section elementor-element elementor-element-8626e78 elementor-section-boxed elementor-section-height-default elementor-section-height-default\" data-id=\"8626e78\" data-element_type=\"section\">\n\t\t\t\t\t\t<div class=\"elementor-container elementor-column-gap-default\">\n\t\t\t\t\t<div class=\"elementor-column elementor-col-25 elementor-top-column elementor-element elementor-element-3d2dc51\" data-id=\"3d2dc51\" data-element_type=\"column\">\n\t\t\t<div class=\"elementor-widget-wrap elementor-element-populated\">\n\t\t\t\t\t\t\t\t<div class=\"elementor-element elementor-element-51d6bd1 elementor-widget elementor-widget-image\" data-id=\"51d6bd1\" data-element_type=\"widget\" data-widget_type=\"image.default\">\n\t\t\t\t<div class=\"elementor-widget-container\">\n\t\t\t\t\t\t\t\t\t\t\t\t\t\t\t\t<a href=\"https:\/\/www.districolor.fr\/fr\/contact.php\" target=\"_blank\">\n\t\t\t\t\t\t\t<img decoding=\"async\" src=\"https:\/\/www.districolor.fr\/blog\/wp-content\/uploads\/elementor\/thumbs\/ZOLPAN-Pictos-2022-50x50-22-rexsoxxlkytkpclmhwo4o628x2bghd7a0yiwp30jio.png\" title=\"ZOLPAN-Pictos-2022 50&#215;50 22\" alt=\"Aide en ligne et contact t\u00e9l\u00e9phone ZOLPAN\" loading=\"lazy\" \/>\t\t\t\t\t\t\t\t<\/a>\n\t\t\t\t\t\t\t\t\t\t\t\t\t\t\t<\/div>\n\t\t\t\t<\/div>\n\t\t\t\t<div class=\"elementor-element elementor-element-b047f76 elementor-widget elementor-widget-heading\" data-id=\"b047f76\" data-element_type=\"widget\" data-widget_type=\"heading.default\">\n\t\t\t\t<div class=\"elementor-widget-container\">\n\t\t\t<h2 class=\"elementor-heading-title elementor-size-medium\">Besoin d'aide ? <br>Contactez-nous<\/h2>\t\t<\/div>\n\t\t\t\t<\/div>\n\t\t\t\t\t<\/div>\n\t\t<\/div>\n\t\t\t\t<div class=\"elementor-column elementor-col-25 elementor-top-column elementor-element elementor-element-d0d09a5\" data-id=\"d0d09a5\" data-element_type=\"column\">\n\t\t\t<div class=\"elementor-widget-wrap elementor-element-populated\">\n\t\t\t\t\t\t\t\t<div class=\"elementor-element elementor-element-1eb79e1 elementor-widget elementor-widget-image\" data-id=\"1eb79e1\" data-element_type=\"widget\" data-widget_type=\"image.default\">\n\t\t\t\t<div class=\"elementor-widget-container\">\n\t\t\t\t\t\t\t\t\t\t\t\t\t\t\t\t<a href=\"https:\/\/www.districolor.fr\/fr\/page\/1236-teintes-en-stock-15.html\" target=\"_blank\">\n\t\t\t\t\t\t\t<img decoding=\"async\" src=\"https:\/\/www.districolor.fr\/blog\/wp-content\/uploads\/elementor\/thumbs\/ZOLPAN-Pictos-2022-50x50-10-expertise-couleurs-fond-blanc-rexsowzre4sadqmzne9i3oasbog39o3jotvf7t1xow.png\" title=\"ZOLPAN-Pictos-2022-50&#215;50-10-expertise-couleurs-fond-blanc\" alt=\"Nuancier couleurs de peinture ZOLPAN\" loading=\"lazy\" \/>\t\t\t\t\t\t\t\t<\/a>\n\t\t\t\t\t\t\t\t\t\t\t\t\t\t\t<\/div>\n\t\t\t\t<\/div>\n\t\t\t\t<div class=\"elementor-element elementor-element-81a4395 elementor-widget elementor-widget-heading\" data-id=\"81a4395\" data-element_type=\"widget\" data-widget_type=\"heading.default\">\n\t\t\t\t<div class=\"elementor-widget-container\">\n\t\t\t<h2 class=\"elementor-heading-title elementor-size-medium\">Voir toutes nos<br>couleurs<\/h2>\t\t<\/div>\n\t\t\t\t<\/div>\n\t\t\t\t\t<\/div>\n\t\t<\/div>\n\t\t\t\t<div class=\"elementor-column elementor-col-25 elementor-top-column elementor-element elementor-element-d7d337c\" data-id=\"d7d337c\" data-element_type=\"column\">\n\t\t\t<div class=\"elementor-widget-wrap elementor-element-populated\">\n\t\t\t\t\t\t\t\t<div class=\"elementor-element elementor-element-5b9ba67 elementor-widget elementor-widget-image\" data-id=\"5b9ba67\" data-element_type=\"widget\" data-widget_type=\"image.default\">\n\t\t\t\t<div class=\"elementor-widget-container\">\n\t\t\t\t\t\t\t\t\t\t\t\t\t\t\t\t<a href=\"https:\/\/www.zolpan.fr\/catalogue\/nos-services\/notre-accompagnement\/collecte-des-dechets-chimiques\" target=\"_blank\">\n\t\t\t\t\t\t\t<img decoding=\"async\" src=\"https:\/\/www.districolor.fr\/blog\/wp-content\/uploads\/elementor\/thumbs\/ZOLPAN-Pictos-2022-50x50-19-rexsoxxlkytkpclmhwo4o628x2bghd7a0yiwp30jio.png\" title=\"ZOLPAN-Pictos-2022 50&#215;50 19\" alt=\"Reprise gratuite des d\u00e9chets en magasin de peinture ZOLPAN\" loading=\"lazy\" \/>\t\t\t\t\t\t\t\t<\/a>\n\t\t\t\t\t\t\t\t\t\t\t\t\t\t\t<\/div>\n\t\t\t\t<\/div>\n\t\t\t\t<div class=\"elementor-element elementor-element-a234452 elementor-widget elementor-widget-heading\" data-id=\"a234452\" data-element_type=\"widget\" data-widget_type=\"heading.default\">\n\t\t\t\t<div class=\"elementor-widget-container\">\n\t\t\t<h2 class=\"elementor-heading-title elementor-size-medium\">Reprise gratuite des d\u00e9chets en point de vente<\/h2>\t\t<\/div>\n\t\t\t\t<\/div>\n\t\t\t\t\t<\/div>\n\t\t<\/div>\n\t\t\t\t<div class=\"elementor-column elementor-col-25 elementor-top-column elementor-element elementor-element-cc4668a\" data-id=\"cc4668a\" data-element_type=\"column\">\n\t\t\t<div class=\"elementor-widget-wrap elementor-element-populated\">\n\t\t\t\t\t\t\t\t<div class=\"elementor-element elementor-element-3d9a646 elementor-widget elementor-widget-image\" data-id=\"3d9a646\" data-element_type=\"widget\" data-widget_type=\"image.default\">\n\t\t\t\t<div class=\"elementor-widget-container\">\n\t\t\t\t\t\t\t\t\t\t\t\t\t\t\t\t<a href=\"https:\/\/particuliers.zolpan.fr\/magasins\" target=\"_blank\">\n\t\t\t\t\t\t\t<img decoding=\"async\" src=\"https:\/\/www.districolor.fr\/blog\/wp-content\/uploads\/elementor\/thumbs\/ZOLPAN-Pictos-2022-50x50-21-rexsoxxlkytkpclmhwo4o628x2bghd7a0yiwp30jio.png\" title=\"ZOLPAN-Pictos-2022 50&#215;50 21\" alt=\"Magasins de peintures ZOLPAN\" loading=\"lazy\" \/>\t\t\t\t\t\t\t\t<\/a>\n\t\t\t\t\t\t\t\t\t\t\t\t\t\t\t<\/div>\n\t\t\t\t<\/div>\n\t\t\t\t<div class=\"elementor-element elementor-element-f4c0c54 elementor-widget elementor-widget-heading\" data-id=\"f4c0c54\" data-element_type=\"widget\" data-widget_type=\"heading.default\">\n\t\t\t\t<div class=\"elementor-widget-container\">\n\t\t\t<h2 class=\"elementor-heading-title elementor-size-medium\">Trouvez votre <br>point de vente<\/h2>\t\t<\/div>\n\t\t\t\t<\/div>\n\t\t\t\t\t<\/div>\n\t\t<\/div>\n\t\t\t\t\t\t\t<\/div>\n\t\t<\/section>\n\t\t\t\t\t\t\t<\/div>\n\t\t","protected":false},"excerpt":{"rendered":"<p>Particuliers, bienvenue chez ZOLPAN Fabricant et distributeur fran\u00e7ais de peintures professionnelles, rev\u00eatements murs et sols, isolation thermique, mat\u00e9riel et outillage. Un r\u00e9seau de 140 points de vente Zolpan en France et 600 expert.e.s \u00e0 vos c\u00f4t\u00e9s.&nbsp; Besoin d&rsquo;aide ? Contactez-nous [&hellip;]<\/p>\n","protected":false},"author":1,"featured_media":0,"parent":0,"menu_order":0,"comment_status":"closed","ping_status":"closed","template":"elementor_canvas","meta":[],"_links":{"self":[{"href":"https:\/\/www.districolor.fr\/blog\/wp-json\/wp\/v2\/pages\/927"}],"collection":[{"href":"https:\/\/www.districolor.fr\/blog\/wp-json\/wp\/v2\/pages"}],"about":[{"href":"https:\/\/www.districolor.fr\/blog\/wp-json\/wp\/v2\/types\/page"}],"author":[{"embeddable":true,"href":"https:\/\/www.districolor.fr\/blog\/wp-json\/wp\/v2\/users\/1"}],"replies":[{"embeddable":true,"href":"https:\/\/www.districolor.fr\/blog\/wp-json\/wp\/v2\/comments?post=927"}],"version-history":[{"count":233,"href":"https:\/\/www.districolor.fr\/blog\/wp-json\/wp\/v2\/pages\/927\/revisions"}],"predecessor-version":[{"id":1393,"href":"https:\/\/www.districolor.fr\/blog\/wp-json\/wp\/v2\/pages\/927\/revisions\/1393"}],"wp:attachment":[{"href":"https:\/\/www.districolor.fr\/blog\/wp-json\/wp\/v2\/media?parent=927"}],"curies":[{"name":"wp","href":"https:\/\/api.w.org\/{rel}","templated":true}]}}